{"id":1729,"date":"2015-02-25T07:37:28","date_gmt":"2015-02-25T07:37:28","guid":{"rendered":"http:\/\/demo.cmssuperheroes.com\/themeforest\/wp-spectrum-construction\/?page_id=4"},"modified":"2020-12-04T18:07:11","modified_gmt":"2020-12-04T18:07:11","slug":"home","status":"publish","type":"page","link":"https:\/\/eichhorn-dach.de\/","title":{"rendered":"Home"},"content":{"rendered":"<p>[vc_row][vc_column][vc_column_text]<\/p>\n<div class=\"n2_ss_slider_publish__option_code\" dir=\"ltr\" data-mode=\"id\"><\/div>\n<p>[\/vc_column_text][\/vc_column][\/vc_row][vc_row full_width=&#8220;stretch_row_content_no_spaces&#8220; row_responsive_large=&#8220;&#8220; row_responsive_medium=&#8220;&#8220; row_responsive_small=&#8220;&#8220; row_responsive_extra_small=&#8220;1&#8243; enable_row_sc=&#8220;&#8220; type=&#8220;ww-custom&#8220; enable_row_engle=&#8220;false&#8220; height_engle=&#8220;70px&#8220; engle_border_width=&#8220;0&#8243; enable_engle_duplicate=&#8220;false&#8220; engle_uplicated_height=&#8220;28px&#8220; engle_duplicated_border_width=&#8220;0&#8243; enable_engle_style2=&#8220;&#8220; engle_position_style2=&#8220;engle-bottom-style1&#8243; height_engle_style2=&#8220;60px&#8220; engle_color_style2=&#8220;#ffffff&#8220; enable_engle_duplicated_style2=&#8220;&#8220; engle_duplicated_height_style2=&#8220;60px&#8220; enable_parallax=&#8220;&#8220; parallax_speed=&#8220;0.8&#8243; bg_video_transparent=&#8220;0&#8243; disable_parallax_mobile=&#8220;&#8220; loop=&#8220;&#8220; autoplay=&#8220;&#8220; muted=&#8220;&#8220; controls=&#8220;&#8220; show_btn=&#8220;&#8220; lax_layer1_align=&#8220;lax_left_top&#8220; lax_layer2_align=&#8220;lax_left_top&#8220; lax_layer3_align=&#8220;lax_left_top&#8220; lax_layer4_align=&#8220;lax_left_top&#8220; lax_layer5_align=&#8220;lax_left_top&#8220; lax_layer6_align=&#8220;lax_left_top&#8220; lax_layer7_align=&#8220;lax_left_top&#8220; lax_layer8_align=&#8220;lax_left_top&#8220; engle_position=&#8220;engle-bottom-left&#8220; engle_color=&#8220;#ffffff&#8220; engle_position_duplicate=&#8220;engle-top-left&#8220; engle_duplicated_color=&#8220;#ffffff&#8220;][vc_column]\t<div class=\"cms-angle-wrapper angle-style1-top-left\" style=\"height:27px\">\n\t\t<div class=\"cms-angle-inner\">\n\t\t\t<svg class=\"angle-svg\" style=\"fill:#ffffff\" xmlns=\"http:\/\/www.w3.org\/2000\/svg\" width=\"100%\" viewBox=\"0 0 100 100\" version=\"1.1\" preserveAspectRatio=\"none\" height=\"27px\"><path stroke=\"\" stroke-width=\"0\" d=\"M0 100 L100 0 L200 100\"\/><\/svg>\n\t\t<\/div>\n\t<\/div>\n\t[\/vc_column][\/vc_row][vc_row full_width=&#8220;false&#8220; row_responsive_large=&#8220;&#8220; row_responsive_medium=&#8220;&#8220; row_responsive_small=&#8220;&#8220; row_responsive_extra_small=&#8220;&#8220; enable_row_sc=&#8220;&#8220; enable_row_engle=&#8220;&#8220; height_engle=&#8220;60px&#8220; engle_border_width=&#8220;0&#8243; enable_engle_duplicate=&#8220;&#8220; engle_uplicated_height=&#8220;60px&#8220; engle_duplicated_border_width=&#8220;0&#8243; enable_engle_style2=&#8220;&#8220; height_engle_style2=&#8220;60px&#8220; enable_engle_duplicated_style2=&#8220;&#8220; engle_duplicated_height_style2=&#8220;60px&#8220; enable_parallax=&#8220;&#8220; parallax_speed=&#8220;0.8&#8243; bg_video_transparent=&#8220;0&#8243; disable_parallax_mobile=&#8220;&#8220; loop=&#8220;&#8220; autoplay=&#8220;&#8220; muted=&#8220;&#8220; controls=&#8220;&#8220; show_btn=&#8220;&#8220; lax_layer1_align=&#8220;lax_left_top&#8220; lax_layer2_align=&#8220;lax_left_top&#8220; lax_layer3_align=&#8220;lax_left_top&#8220; lax_layer4_align=&#8220;lax_left_top&#8220; lax_layer5_align=&#8220;lax_left_top&#8220; lax_layer6_align=&#8220;lax_left_top&#8220; lax_layer7_align=&#8220;lax_left_top&#8220; lax_layer8_align=&#8220;lax_left_top&#8220;][vc_column column_responsive_large=&#8220;&#8220; column_responsive_medium=&#8220;&#8220; column_responsive_small=&#8220;&#8220; column_responsive_extra_small=&#8220;&#8220; image_transition=&#8220;&#8220; text_align=&#8220;center&#8220;][vc_empty_space height=&#8220;60px&#8220;]\t<div class=\"cms-heading-wrapper\">\n\t\t<div class=\"cms-heading-inner text-center heading-default\">\n\t\t\t<h4 class=\"cms-sub-heading\" style=\"margin:0;font-size:27px;color:#222222;\">same same but different!<\/h4>\n\t\t\t<h2 class=\"cms-heading-title\" style=\"margin:;font-size:34px;color:#e10004;line-height:26px;\">\n\t\t\t\t<span style=\"padding:;\"><\/span>\n\t\t\t\t<span class=\"heading-line\" style=\"height:;width:;background-color:;\"><\/span>\n\t\t\t<\/h2>\n\t\t<\/div>\n\t<\/div>\n\t[\/vc_column][\/vc_row][vc_row full_width=&#8220;false&#8220; row_responsive_large=&#8220;&#8220; row_responsive_medium=&#8220;&#8220; row_responsive_small=&#8220;&#8220; row_responsive_extra_small=&#8220;&#8220; enable_row_sc=&#8220;&#8220; enable_row_engle=&#8220;&#8220; height_engle=&#8220;60px&#8220; engle_border_width=&#8220;0&#8243; enable_engle_duplicate=&#8220;&#8220; engle_uplicated_height=&#8220;60px&#8220; engle_duplicated_border_width=&#8220;0&#8243; enable_engle_style2=&#8220;&#8220; height_engle_style2=&#8220;60px&#8220; enable_engle_duplicated_style2=&#8220;&#8220; engle_duplicated_height_style2=&#8220;60px&#8220; enable_parallax=&#8220;&#8220; parallax_speed=&#8220;0.8&#8243; bg_video_transparent=&#8220;0&#8243; disable_parallax_mobile=&#8220;&#8220; loop=&#8220;&#8220; autoplay=&#8220;&#8220; muted=&#8220;&#8220; controls=&#8220;&#8220; show_btn=&#8220;&#8220; lax_layer1_align=&#8220;lax_left_top&#8220; lax_layer2_align=&#8220;lax_left_top&#8220; lax_layer3_align=&#8220;lax_left_top&#8220; lax_layer4_align=&#8220;lax_left_top&#8220; lax_layer5_align=&#8220;lax_left_top&#8220; lax_layer6_align=&#8220;lax_left_top&#8220; lax_layer7_align=&#8220;lax_left_top&#8220; lax_layer8_align=&#8220;lax_left_top&#8220;][vc_column column_responsive_large=&#8220;&#8220; column_responsive_medium=&#8220;&#8220; column_responsive_small=&#8220;&#8220; column_responsive_extra_small=&#8220;&#8220; image_transition=&#8220;&#8220; text_align=&#8220;center&#8220;][vc_empty_space height=&#8220;25px&#8220;][vc_column_text]Seit dem 01.04.19 firmiere ich unter neuem Namen \u2013 \u201eEichhorn Dach Dachdeckermeisterbetrieb\u201c.<br \/>\nAls nun auch qualifizierter Meisterbetrieb ist es umso mehr mein Ziel, alle Anforderungen und Auftr\u00e4ge zu Ihrer vollsten Zufriedenheit zu erf\u00fcllen. Meine langj\u00e4hrigen Mitarbeiter werden mich auf diesem Wege weiterhin tatkr\u00e4ftig unterst\u00fctzen. Unser Qualit\u00e4tsstandard und unsere Zuverl\u00e4ssigkeit stehen wie gewohnt an erster Stelle.[\/vc_column_text][vc_empty_space height=&#8220;80px&#8220;][\/vc_column][\/vc_row][vc_row full_width=&#8220;stretch_row&#8220; parallax=&#8220;content-moving&#8220; parallax_image=&#8220;1763&#8243; disable_element=&#8220;yes&#8220; row_responsive_large=&#8220;&#8220; row_responsive_medium=&#8220;&#8220; row_responsive_small=&#8220;&#8220; row_responsive_extra_small=&#8220;&#8220; enable_row_sc=&#8220;&#8220; type=&#8220;ww-custom&#8220; enable_row_engle=&#8220;false&#8220; height_engle=&#8220;75px&#8220; engle_border_width=&#8220;0&#8243; enable_engle_duplicate=&#8220;false&#8220; engle_uplicated_height=&#8220;65px&#8220; engle_duplicated_border_width=&#8220;0&#8243; enable_engle_style2=&#8220;&#8220; height_engle_style2=&#8220;60px&#8220; enable_engle_duplicated_style2=&#8220;&#8220; engle_duplicated_height_style2=&#8220;60px&#8220; enable_parallax=&#8220;1&#8243; parallax_speed=&#8220;0.6&#8243; bg_video_transparent=&#8220;0&#8243; disable_parallax_mobile=&#8220;&#8220; loop=&#8220;&#8220; autoplay=&#8220;&#8220; muted=&#8220;&#8220; controls=&#8220;&#8220; show_btn=&#8220;&#8220; lax_layer1_align=&#8220;lax_left_top&#8220; lax_layer2_align=&#8220;lax_left_top&#8220; lax_layer3_align=&#8220;lax_left_top&#8220; lax_layer4_align=&#8220;lax_left_top&#8220; lax_layer5_align=&#8220;lax_left_top&#8220; lax_layer6_align=&#8220;lax_left_top&#8220; lax_layer7_align=&#8220;lax_left_top&#8220; lax_layer8_align=&#8220;lax_left_top&#8220; engle_position=&#8220;engle-top-left&#8220; engle_color=&#8220;#ffffff&#8220; engle_position_duplicate=&#8220;engle-bottom-left&#8220; engle_duplicated_color=&#8220;#ffffff&#8220;][vc_column]\t<div class=\"cms-angle-wrapper angle-style1-top-left\" style=\"height:70px\">\n\t\t<div class=\"cms-angle-inner\">\n\t\t\t<svg class=\"angle-svg\" style=\"fill:#ffffff\" xmlns=\"http:\/\/www.w3.org\/2000\/svg\" width=\"100%\" viewBox=\"0 0 100 100\" version=\"1.1\" preserveAspectRatio=\"none\" height=\"70px\"><path stroke=\"\" stroke-width=\"0\" d=\"M0 100 L100 0 L200 100\"\/><\/svg>\n\t\t<\/div>\n\t<\/div>\n\t[vc_empty_space height=&#8220;205px&#8220;][vc_tta_tabs][vc_tta_section title=&#8220;Tab 1&#8243; tab_id=&#8220;1552316544913-27ea0690-1aa5&#8243;][vc_column_text]Ich bin ein Textblock. Klicken Sie auf den Bearbeiten Button um diesen Text zu \u00e4ndern. Lorem ipsum dolor sit amet, consectetur adipiscing elit. Ut elit tellus, luctus nec ullamcorper mattis, pulvinar dapibus leo.[\/vc_column_text][\/vc_tta_section][vc_tta_section title=&#8220;Tab 2&#8243; tab_id=&#8220;1552316544958-7975663b-2ea7&#8243;][\/vc_tta_section][vc_tta_section title=&#8220;Tab&#8220; tab_id=&#8220;1552316556553-ace4c15f-08cb&#8220;][\/vc_tta_section][vc_tta_section title=&#8220;Tab&#8220; tab_id=&#8220;1552316557210-38674375-8f4a&#8220;][\/vc_tta_section][\/vc_tta_tabs][vc_empty_space height=&#8220;250px&#8220;]\t<div class=\"cms-angle-wrapper angle-style1-bottom-left\" style=\"height:70px\">\n\t\t<div class=\"cms-angle-inner\">\n\t\t\t<svg class=\"angle-svg\" style=\"fill:#ffffff\" xmlns=\"http:\/\/www.w3.org\/2000\/svg\" width=\"100%\" viewBox=\"0 0 100 100\" version=\"1.1\" preserveAspectRatio=\"none\" height=\"70px\"><path stroke=\"\" stroke-width=\"0\" d=\"M0 0 L100 100 L0 200\"\/><\/svg>\n\t\t<\/div>\n\t<\/div>\n\t[\/vc_column][\/vc_row][vc_row full_width=&#8220;stretch_row&#8220; css=&#8220;.vc_custom_1553614361303{background-color: #f5f5f5 !important;}&#8220; row_responsive_large=&#8220;&#8220; row_responsive_medium=&#8220;&#8220; row_responsive_small=&#8220;&#8220; row_responsive_extra_small=&#8220;&#8220; enable_row_sc=&#8220;&#8220; enable_row_engle=&#8220;&#8220; height_engle=&#8220;60px&#8220; engle_border_width=&#8220;0&#8243; enable_engle_duplicate=&#8220;&#8220; engle_uplicated_height=&#8220;60px&#8220; engle_duplicated_border_width=&#8220;0&#8243; enable_engle_style2=&#8220;&#8220; height_engle_style2=&#8220;60px&#8220; enable_engle_duplicated_style2=&#8220;&#8220; engle_duplicated_height_style2=&#8220;60px&#8220; enable_parallax=&#8220;&#8220; parallax_speed=&#8220;0.8&#8243; bg_video_transparent=&#8220;0&#8243; disable_parallax_mobile=&#8220;&#8220; loop=&#8220;&#8220; autoplay=&#8220;&#8220; muted=&#8220;&#8220; controls=&#8220;&#8220; show_btn=&#8220;&#8220; lax_layer1_align=&#8220;lax_left_top&#8220; lax_layer2_align=&#8220;lax_left_top&#8220; lax_layer3_align=&#8220;lax_left_top&#8220; lax_layer4_align=&#8220;lax_left_top&#8220; lax_layer5_align=&#8220;lax_left_top&#8220; lax_layer6_align=&#8220;lax_left_top&#8220; lax_layer7_align=&#8220;lax_left_top&#8220; lax_layer8_align=&#8220;lax_left_top&#8220; el_id=&#8220;leistungen&#8220;][vc_column column_responsive_large=&#8220;&#8220; column_responsive_medium=&#8220;&#8220; column_responsive_small=&#8220;&#8220; column_responsive_extra_small=&#8220;&#8220; image_transition=&#8220;&#8220; text_align=&#8220;center&#8220; column_style=&#8220;title-sub&#8220;]\t<div class=\"cms-angle-wrapper angle-style1-top-left\" style=\"height:50px\">\n\t\t<div class=\"cms-angle-inner\">\n\t\t\t<svg class=\"angle-svg\" style=\"fill:#ffffff\" xmlns=\"http:\/\/www.w3.org\/2000\/svg\" width=\"100%\" viewBox=\"0 0 100 100\" version=\"1.1\" preserveAspectRatio=\"none\" height=\"50px\"><path stroke=\"\" stroke-width=\"0\" d=\"M0 100 L100 0 L200 100\"\/><\/svg>\n\t\t<\/div>\n\t<\/div>\n\t[vc_empty_space height=&#8220;90px&#8220;]\t<div class=\"cms-heading-wrapper\">\n\t\t<div class=\"cms-heading-inner text-center heading-style3\">\n\t\t\t<h4 class=\"cms-sub-heading\" style=\"margin:0;font-size:17px;color:;\"><\/h4>\n\t\t\t<h2 class=\"cms-heading-title\" style=\"margin:;font-size:;color:;line-height:;\">\n\t\t\t\t<span style=\"padding:0 0 40px;\">Leistungen<\/span>\n\t\t\t\t<span class=\"heading-line\" style=\"height:3px;width:170px;background-color:;\"><\/span>\n\t\t\t<\/h2>\n\t\t<\/div>\n\t<\/div>\n\t[\/vc_column][\/vc_row][vc_row full_width=&#8220;stretch_row&#8220; css=&#8220;.vc_custom_1553614198713{background-color: #ffffff !important;}&#8220; row_responsive_large=&#8220;&#8220; row_responsive_medium=&#8220;&#8220; row_responsive_small=&#8220;&#8220; row_responsive_extra_small=&#8220;&#8220; enable_row_sc=&#8220;&#8220; enable_row_engle=&#8220;&#8220; height_engle=&#8220;60px&#8220; engle_border_width=&#8220;0&#8243; enable_engle_duplicate=&#8220;&#8220; engle_uplicated_height=&#8220;60px&#8220; engle_duplicated_border_width=&#8220;0&#8243; enable_engle_style2=&#8220;&#8220; height_engle_style2=&#8220;60px&#8220; enable_engle_duplicated_style2=&#8220;&#8220; engle_duplicated_height_style2=&#8220;60px&#8220; enable_parallax=&#8220;&#8220; parallax_speed=&#8220;0.8&#8243; bg_video_transparent=&#8220;0&#8243; disable_parallax_mobile=&#8220;&#8220; loop=&#8220;&#8220; autoplay=&#8220;&#8220; muted=&#8220;&#8220; controls=&#8220;&#8220; show_btn=&#8220;&#8220; lax_layer1_align=&#8220;lax_left_top&#8220; lax_layer2_align=&#8220;lax_left_top&#8220; lax_layer3_align=&#8220;lax_left_top&#8220; lax_layer4_align=&#8220;lax_left_top&#8220; lax_layer5_align=&#8220;lax_left_top&#8220; lax_layer6_align=&#8220;lax_left_top&#8220; lax_layer7_align=&#8220;lax_left_top&#8220; lax_layer8_align=&#8220;lax_left_top&#8220;][vc_column column_responsive_large=&#8220;&#8220; column_responsive_medium=&#8220;&#8220; column_responsive_small=&#8220;&#8220; column_responsive_extra_small=&#8220;&#8220; image_transition=&#8220;&#8220; text_align=&#8220;center&#8220; column_style=&#8220;title-sub&#8220;][vc_row_inner][vc_column_inner width=&#8220;1\/2&#8243;][vc_empty_space height=&#8220;90px&#8220;][vc_column_text]<\/p>\n<ul>\n<li>Steildacheindeckungen<\/li>\n<li>Flachdachabdichtungen (auch Balkone, Loggien, Terrassen, etc.)<\/li>\n<li>Spenglerarbeiten<\/li>\n<li>Kaminkopfverkleidungen<\/li>\n<li>Fassadenverkleidungen<\/li>\n<\/ul>\n<p>[\/vc_column_text][\/vc_column_inner][vc_column_inner width=&#8220;1\/2&#8243;][vc_empty_space height=&#8220;90px&#8220;][vc_column_text]<\/p>\n<ul>\n<li>Dachrinnenreinigungen<\/li>\n<li>Dachwartungen<\/li>\n<li>Dachbodend\u00e4mmung<\/li>\n<li>Asbestentsorgung (gem.TRGS 519 Ziff.2.6)<\/li>\n<li>Dachreparaturnotdienst<\/li>\n<\/ul>\n<p>[\/vc_column_text][\/vc_column_inner][\/vc_row_inner][vc_empty_space height=&#8220;40px&#8220;][\/vc_column][\/vc_row][vc_row full_width=&#8220;stretch_row&#8220; css=&#8220;.vc_custom_1487299580126{background-color: #f5f5f5 !important;}&#8220; row_responsive_large=&#8220;&#8220; row_responsive_medium=&#8220;&#8220; row_responsive_small=&#8220;&#8220; row_responsive_extra_small=&#8220;&#8220; enable_row_sc=&#8220;&#8220; enable_row_engle=&#8220;&#8220; height_engle=&#8220;60px&#8220; engle_border_width=&#8220;0&#8243; enable_engle_duplicate=&#8220;&#8220; engle_uplicated_height=&#8220;60px&#8220; engle_duplicated_border_width=&#8220;0&#8243; enable_engle_style2=&#8220;&#8220; height_engle_style2=&#8220;60px&#8220; enable_engle_duplicated_style2=&#8220;&#8220; engle_duplicated_height_style2=&#8220;60px&#8220; enable_parallax=&#8220;&#8220; parallax_speed=&#8220;0.8&#8243; bg_video_transparent=&#8220;0&#8243; disable_parallax_mobile=&#8220;&#8220; loop=&#8220;&#8220; autoplay=&#8220;&#8220; muted=&#8220;&#8220; controls=&#8220;&#8220; show_btn=&#8220;&#8220; lax_layer1_align=&#8220;lax_left_top&#8220; lax_layer2_align=&#8220;lax_left_top&#8220; lax_layer3_align=&#8220;lax_left_top&#8220; lax_layer4_align=&#8220;lax_left_top&#8220; lax_layer5_align=&#8220;lax_left_top&#8220; lax_layer6_align=&#8220;lax_left_top&#8220; lax_layer7_align=&#8220;lax_left_top&#8220; lax_layer8_align=&#8220;lax_left_top&#8220;][vc_column column_responsive_large=&#8220;&#8220; column_responsive_medium=&#8220;&#8220; column_responsive_small=&#8220;&#8220; column_responsive_extra_small=&#8220;&#8220; image_transition=&#8220;&#8220; text_align=&#8220;center&#8220; column_style=&#8220;title-sub&#8220;]\t<div class=\"cms-angle-wrapper angle-style1-top-left\" style=\"height:50px\">\n\t\t<div class=\"cms-angle-inner\">\n\t\t\t<svg class=\"angle-svg\" style=\"fill:#ffffff\" xmlns=\"http:\/\/www.w3.org\/2000\/svg\" width=\"100%\" viewBox=\"0 0 100 100\" version=\"1.1\" preserveAspectRatio=\"none\" height=\"50px\"><path stroke=\"\" stroke-width=\"0\" d=\"M0 100 L100 0 L200 100\"\/><\/svg>\n\t\t<\/div>\n\t<\/div>\n\t[vc_empty_space height=&#8220;90px&#8220;]\t<div class=\"cms-heading-wrapper\">\n\t\t<div class=\"cms-heading-inner text-center heading-style3\">\n\t\t\t<h4 class=\"cms-sub-heading\" style=\"margin:0;font-size:17px;color:;\"><\/h4>\n\t\t\t<h2 class=\"cms-heading-title\" style=\"margin:;font-size:;color:;line-height:;\">\n\t\t\t\t<span style=\"padding:0 0 40px;\">Kontakt<\/span>\n\t\t\t\t<span class=\"heading-line\" style=\"height:3px;width:170px;background-color:;\"><\/span>\n\t\t\t<\/h2>\n\t\t<\/div>\n\t<\/div>\n\t[vc_empty_space height=&#8220;40px&#8220;][\/vc_column][\/vc_row][vc_row full_width=&#8220;stretch_row_content_no_spaces&#8220; height_engle=&#8220;40px&#8220; engle_border_width=&#8220;3&#8243; engle_uplicated_height=&#8220;60px&#8220; engle_duplicated_border_width=&#8220;0&#8243; height_engle_style2=&#8220;60px&#8220; engle_duplicated_height_style2=&#8220;60px&#8220; parallax_speed=&#8220;0.8&#8243; bg_video_transparent=&#8220;0&#8243; lax_layer1_align=&#8220;lax_left_top&#8220; lax_layer2_align=&#8220;lax_left_top&#8220; lax_layer3_align=&#8220;lax_left_top&#8220; lax_layer4_align=&#8220;lax_left_top&#8220; lax_layer5_align=&#8220;lax_left_top&#8220; lax_layer6_align=&#8220;lax_left_top&#8220; lax_layer7_align=&#8220;lax_left_top&#8220; lax_layer8_align=&#8220;lax_left_top&#8220; row_responsive_large=&#8220;&#8220; row_responsive_medium=&#8220;&#8220; row_responsive_small=&#8220;&#8220; row_responsive_extra_small=&#8220;&#8220; enable_row_sc=&#8220;&#8220; enable_row_engle=&#8220;false&#8220; enable_engle_duplicate=&#8220;&#8220; enable_engle_style2=&#8220;&#8220; enable_engle_duplicated_style2=&#8220;&#8220; enable_parallax=&#8220;&#8220; disable_parallax_mobile=&#8220;&#8220; loop=&#8220;&#8220; autoplay=&#8220;&#8220; muted=&#8220;&#8220; controls=&#8220;&#8220; show_btn=&#8220;&#8220; type=&#8220;ww-custom&#8220; engle_position=&#8220;engle-bottom-right&#8220; engle_color=&#8220;#e10004&#8243; engle_border_color=&#8220;#ffffff&#8220; el_id=&#8220;kontakt&#8220;][vc_column width=&#8220;1\/4&#8243; css=&#8220;.vc_custom_1552319031073{padding-right: 25px !important;padding-left: 25px !important;}&#8220;][\/vc_column][vc_column width=&#8220;1\/4&#8243; css=&#8220;.vc_custom_1552319038343{padding-right: 25px !important;padding-left: 25px !important;}&#8220;][vc_empty_space height=&#8220;90px&#8220;]\n<div class=\"wpcf7 no-js\" id=\"wpcf7-f6-o1\" lang=\"en-US\" dir=\"ltr\" data-wpcf7-id=\"6\">\n<div class=\"screen-reader-response\"><p role=\"status\" aria-live=\"polite\" aria-atomic=\"true\"><\/p> <ul><\/ul><\/div>\n<form action=\"\/index.php?rest_route=%2Fwp%2Fv2%2Fpages%2F1729#wpcf7-f6-o1\" method=\"post\" class=\"wpcf7-form init contact-style-1\" aria-label=\"Contact form\" novalidate=\"novalidate\" data-status=\"init\">\n<div style=\"display: none;\">\n<input type=\"hidden\" name=\"_wpcf7\" value=\"6\" \/>\n<input type=\"hidden\" name=\"_wpcf7_version\" value=\"6.0.2\" \/>\n<input type=\"hidden\" name=\"_wpcf7_locale\" value=\"en_US\" \/>\n<input type=\"hidden\" name=\"_wpcf7_unit_tag\" value=\"wpcf7-f6-o1\" \/>\n<input type=\"hidden\" name=\"_wpcf7_container_post\" value=\"0\" \/>\n<input type=\"hidden\" name=\"_wpcf7_posted_data_hash\" value=\"\" \/>\n<\/div>\n<p><label> Name (Pflicht)<br \/>\n<span class=\"wpcf7-form-control-wrap\" data-name=\"your-name\"><input size=\"40\" maxlength=\"400\" class=\"wpcf7-form-control wpcf7-text wpcf7-validates-as-required\" aria-required=\"true\" aria-invalid=\"false\" value=\"\" type=\"text\" name=\"your-name\" \/><\/span> <\/label>\n<\/p>\n<p><label> E-Mail (Pflicht)<br \/>\n<span class=\"wpcf7-form-control-wrap\" data-name=\"your-email\"><input size=\"40\" maxlength=\"400\" class=\"wpcf7-form-control wpcf7-email wpcf7-validates-as-required wpcf7-text wpcf7-validates-as-email\" aria-required=\"true\" aria-invalid=\"false\" value=\"\" type=\"email\" name=\"your-email\" \/><\/span> <\/label>\n<\/p>\n<p><label> Telefonnummer (Pflicht)<br \/>\n<span class=\"wpcf7-form-control-wrap\" data-name=\"your-subject\"><input size=\"40\" maxlength=\"400\" class=\"wpcf7-form-control wpcf7-text\" aria-invalid=\"false\" value=\"\" type=\"text\" name=\"your-subject\" \/><\/span> <\/label>\n<\/p>\n<p><label> Ihre Nachricht<br \/>\n<span class=\"wpcf7-form-control-wrap\" data-name=\"your-message\"><textarea cols=\"40\" rows=\"10\" maxlength=\"2000\" class=\"wpcf7-form-control wpcf7-textarea\" aria-invalid=\"false\" name=\"your-message\"><\/textarea><\/span> <\/label>\n<\/p>\n<div class=\"cf7-cf-turnstile\" style=\"margin-top: 0px; margin-bottom: -15px;\"> <div id=\"cf-turnstile-cf7-2917733351\" class=\"cf-turnstile\" data-sitekey=\"0x4AAAAAAA4a2UCt1W9WL0d1\" data-theme=\"light\" data-language=\"auto\" data-size=\"normal\" data-retry=\"auto\" data-retry-interval=\"1000\" data-action=\"contact-form-7\" data-appearance=\"always\"><\/div> <script>document.addEventListener(\"DOMContentLoaded\",(function(){var e=document.getElementById(\"cf-turnstile-cf7-2917733351\");e&&!e.innerHTML.trim()&&(turnstile.remove(\"#cf-turnstile-cf7-2917733351\"),turnstile.render(\"#cf-turnstile-cf7-2917733351\",{sitekey:\"0x4AAAAAAA4a2UCt1W9WL0d1\"}))}));<\/script> <br class=\"cf-turnstile-br cf-turnstile-br-cf7-2917733351\"> <style>#cf-turnstile-cf7-2917733351 { margin-left: -15px; }<\/style> <script>document.addEventListener(\"DOMContentLoaded\",function(){document.querySelectorAll('.wpcf7-form').forEach(function(e){e.addEventListener('submit',function(){if(document.getElementById('cf-turnstile-cf7-2917733351')){setTimeout(function(){turnstile.reset('#cf-turnstile-cf7-2917733351');},1000)}})})});<\/script> <\/div><br\/><input class=\"wpcf7-form-control wpcf7-submit has-spinner\" type=\"submit\" value=\"Senden\" \/>\n<\/p><div class=\"wpcf7-response-output\" aria-hidden=\"true\"><\/div>\n<\/form>\n<\/div>\n[\/vc_column][vc_column width=&#8220;1\/4&#8243;][vc_empty_space height=&#8220;90px&#8220;][vc_gmaps link=&#8220;#E-8_JTNDaWZyYW1lJTIwc3JjJTNEJTIyaHR0cHMlM0ElMkYlMkZ3d3cuZ29vZ2xlLmNvbSUyRm1hcHMlMkZlbWJlZCUzRnBiJTNEJTIxMW0xNCUyMTFtOCUyMTFtMyUyMTFkMTAyMTIuMzQ2ODE2MzU4NTczJTIxMmQ4LjQwMDMyOTclMjEzZDUwLjIxNTYwMDIlMjEzbTIlMjExaTEwMjQlMjEyaTc2OCUyMTRmMTMuMSUyMTNtMyUyMTFtMiUyMTFzMHgwJTI1M0EweDllNzAzMjEyMjdmMjgwNmIlMjEyc0VpY2hob3JuJTJCRGFjaCUyMTVlMCUyMTNtMiUyMTFzZGUlMjEyc2RlJTIxNHYxNTUzNjExNjA4NzA3JTIyJTIwd2lkdGglM0QlMjI2MDAlMjIlMjBoZWlnaHQlM0QlMjI0NTAlMjIlMjBmcmFtZWJvcmRlciUzRCUyMjAlMjIlMjBzdHlsZSUzRCUyMmJvcmRlciUzQTAlMjIlMjBhbGxvd2Z1bGxzY3JlZW4lM0UlM0MlMkZpZnJhbWUlM0U=&#8220;][\/vc_column][vc_column width=&#8220;1\/4&#8243;][\/vc_column][\/vc_row]<\/p>\n","protected":false},"excerpt":{"rendered":"<p>[vc_row][vc_column][vc_column_text] [\/vc_column_text][\/vc_column][\/vc_row][vc_row full_width=&#8220;stretch_row_content_no_spaces&#8220; row_responsive_large=&#8220;&#8220; row_responsive_medium=&#8220;&#8220; row_responsive_small=&#8220;&#8220; row_responsive_extra_small=&#8220;1&#8243; enable_row_sc=&#8220;&#8220; type=&#8220;ww-custom&#8220; enable_row_engle=&#8220;false&#8220; height_engle=&#8220;70px&#8220; engle_border_width=&#8220;0&#8243; enable_engle_duplicate=&#8220;false&#8220; engle_uplicated_height=&#8220;28px&#8220; engle_duplicated_border_width=&#8220;0&#8243; enable_engle_style2=&#8220;&#8220; engle_position_style2=&#8220;engle-bottom-style1&#8243; height_engle_style2=&#8220;60px&#8220; engle_color_style2=&#8220;#ffffff&#8220; enable_engle_duplicated_style2=&#8220;&#8220; engle_duplicated_height_style2=&#8220;60px&#8220; enable_parallax=&#8220;&#8220; parallax_speed=&#8220;0.8&#8243; bg_video_transparent=&#8220;0&#8243; disable_parallax_mobile=&#8220;&#8220; loop=&#8220;&#8220; autoplay=&#8220;&#8220; muted=&#8220;&#8220; controls=&#8220;&#8220; show_btn=&#8220;&#8220; lax_layer1_align=&#8220;lax_left_top&#8220; lax_layer2_align=&#8220;lax_left_top&#8220; lax_layer3_align=&#8220;lax_left_top&#8220; lax_layer4_align=&#8220;lax_left_top&#8220; lax_layer5_align=&#8220;lax_left_top&#8220; lax_layer6_align=&#8220;lax_left_top&#8220; lax_layer7_align=&#8220;lax_left_top&#8220; lax_layer8_align=&#8220;lax_left_top&#8220; engle_position=&#8220;engle-bottom-left&#8220; engle_color=&#8220;#ffffff&#8220; engle_position_duplicate=&#8220;engle-top-left&#8220; engle_duplicated_color=&#8220;#ffffff&#8220;][vc_column][\/vc_column][\/vc_row][vc_row full_width=&#8220;false&#8220; row_responsive_large=&#8220;&#8220; row_responsive_medium=&#8220;&#8220; row_responsive_small=&#8220;&#8220; row_responsive_extra_small=&#8220;&#8220; enable_row_sc=&#8220;&#8220; enable_row_engle=&#8220;&#8220; height_engle=&#8220;60px&#8220; engle_border_width=&#8220;0&#8243; enable_engle_duplicate=&#8220;&#8220; engle_uplicated_height=&#8220;60px&#8220; engle_duplicated_border_width=&#8220;0&#8243; enable_engle_style2=&#8220;&#8220; [&hellip;]<\/p>\n","protected":false},"author":1,"featured_media":0,"parent":0,"menu_order":0,"comment_status":"open","ping_status":"open","template":"","meta":{"footnotes":""},"class_list":["post-1729","page","type-page","status-publish","hentry"],"_links":{"self":[{"href":"https:\/\/eichhorn-dach.de\/index.php?rest_route=\/wp\/v2\/pages\/1729","targetHints":{"allow":["GET"]}}],"collection":[{"href":"https:\/\/eichhorn-dach.de\/index.php?rest_route=\/wp\/v2\/pages"}],"about":[{"href":"https:\/\/eichhorn-dach.de\/index.php?rest_route=\/wp\/v2\/types\/page"}],"author":[{"embeddable":true,"href":"https:\/\/eichhorn-dach.de\/index.php?rest_route=\/wp\/v2\/users\/1"}],"replies":[{"embeddable":true,"href":"https:\/\/eichhorn-dach.de\/index.php?rest_route=%2Fwp%2Fv2%2Fcomments&post=1729"}],"version-history":[{"count":68,"href":"https:\/\/eichhorn-dach.de\/index.php?rest_route=\/wp\/v2\/pages\/1729\/revisions"}],"predecessor-version":[{"id":1894,"href":"https:\/\/eichhorn-dach.de\/index.php?rest_route=\/wp\/v2\/pages\/1729\/revisions\/1894"}],"wp:attachment":[{"href":"https:\/\/eichhorn-dach.de\/index.php?rest_route=%2Fwp%2Fv2%2Fmedia&parent=1729"}],"curies":[{"name":"wp","href":"https:\/\/api.w.org\/{rel}","templated":true}]}}